{"id":18,"date":"2025-08-05T09:42:59","date_gmt":"2025-08-05T09:42:59","guid":{"rendered":"https:\/\/fontdent.es\/?page_id=18"},"modified":"2025-08-05T10:54:21","modified_gmt":"2025-08-05T10:54:21","slug":"inicio","status":"publish","type":"page","link":"https:\/\/fontdent.es\/","title":{"rendered":"Inicio"},"content":{"rendered":"<p>[et_pb_section fb_built=\u00bb1&#8243; _builder_version=\u00bb4.27.4&#8243; _module_preset=\u00bbdefault\u00bb background_image=\u00bbhttps:\/\/fontdent.es\/wp-content\/uploads\/2025\/08\/people-2567915_1920.jpg\u00bb global_colors_info=\u00bb{}\u00bb][et_pb_row _builder_version=\u00bb4.27.4&#8243; _module_preset=\u00bbdefault\u00bb custom_margin=\u00bb55px||55px||true|false\u00bb global_colors_info=\u00bb{}\u00bb][et_pb_column type=\u00bb4_4&#8243; _builder_version=\u00bb4.27.4&#8243; _module_preset=\u00bbdefault\u00bb global_colors_info=\u00bb{}\u00bb][et_pb_text _builder_version=\u00bb4.27.4&#8243; _module_preset=\u00bbdefault\u00bb text_font=\u00bb|600|||||||\u00bb text_text_color=\u00bb#000000&#8243; text_font_size=\u00bb25px\u00bb text_letter_spacing=\u00bb4px\u00bb header_font=\u00bb|600|||||||\u00bb header_text_color=\u00bb#000000&#8243; header_font_size=\u00bb57px\u00bb header_letter_spacing=\u00bb-1px\u00bb background_color=\u00bbrgba(255,255,255,0.8)\u00bb width=\u00bb65%\u00bb max_width=\u00bb65%\u00bb module_alignment=\u00bbleft\u00bb custom_margin=\u00bb||||false|false\u00bb custom_padding=\u00bb|||20px|false|false\u00bb global_colors_info=\u00bb{}\u00bb]<\/p>\n<h1 style=\"margin-bottom: 10px;\">FONT DENT<\/h1>\n<p>LABORATORIO DE PR\u00d3TESIS DENTAL<\/p>\n<p>[\/et_pb_text][et_pb_button button_url=\u00bbtel:+34666451518&#8243; button_text=\u00bbCONTACTAR\u00bb _builder_version=\u00bb4.27.4&#8243; _module_preset=\u00bbdefault\u00bb custom_button=\u00bbon\u00bb button_text_color=\u00bb#000000&#8243; button_bg_color=\u00bb#FFFFFF\u00bb button_border_width=\u00bb0px\u00bb button_border_radius=\u00bb0px\u00bb button_font=\u00bb|600|||||||\u00bb button_use_icon=\u00bboff\u00bb custom_padding=\u00bb|40px||35px|false|false\u00bb hover_enabled=\u00bb0&#8243; global_colors_info=\u00bb{}\u00bb sticky_enabled=\u00bb0&#8243;][\/et_pb_button][\/et_pb_column][\/et_pb_row][\/et_pb_section][et_pb_section fb_built=\u00bb1&#8243; _builder_version=\u00bb4.27.4&#8243; _module_preset=\u00bbdefault\u00bb global_colors_info=\u00bb{}\u00bb][et_pb_row column_structure=\u00bb1_2,1_4,1_4&#8243; _builder_version=\u00bb4.27.4&#8243; _module_preset=\u00bbdefault\u00bb global_colors_info=\u00bb{}\u00bb][et_pb_column type=\u00bb1_2&#8243; _builder_version=\u00bb4.27.4&#8243; _module_preset=\u00bbdefault\u00bb global_colors_info=\u00bb{}\u00bb][et_pb_text _builder_version=\u00bb4.27.4&#8243; _module_preset=\u00bbdefault\u00bb text_text_color=\u00bb#000000&#8243; text_font_size=\u00bb16px\u00bb header_2_text_color=\u00bb#000000&#8243; header_2_font_size=\u00bb40px\u00bb global_colors_info=\u00bb{}\u00bb]<\/p>\n<h2>\u00bfQu\u00e9 hacemos?<\/h2>\n<p style=\"margin-top: 15px;\">Pr\u00f3tesis y dar servicio a las cl\u00ednicas dentales para poner a pacientes todo tipo de pr\u00f3tesis con las tecnolog\u00edas m\u00e1s actuales del momento.<\/p>\n<p>Compromiso calidad.[\/et_pb_text][\/et_pb_column][et_pb_column type=\u00bb1_4&#8243; _builder_version=\u00bb4.27.4&#8243; _module_preset=\u00bbdefault\u00bb global_colors_info=\u00bb{}\u00bb][et_pb_image src=\u00bbhttps:\/\/fontdent.es\/wp-content\/uploads\/2025\/08\/dental-4610112_1920.jpg\u00bb title_text=\u00bbdental-4610112_1920&#8243; _builder_version=\u00bb4.27.4&#8243; _module_preset=\u00bbdefault\u00bb width=\u00bb100%\u00bb min_height=\u00bb200px\u00bb global_colors_info=\u00bb{}\u00bb][\/et_pb_image][\/et_pb_column][et_pb_column type=\u00bb1_4&#8243; _builder_version=\u00bb4.27.4&#8243; _module_preset=\u00bbdefault\u00bb global_colors_info=\u00bb{}\u00bb][et_pb_image src=\u00bbhttps:\/\/fontdent.es\/wp-content\/uploads\/2025\/08\/VMK-Krone2.jpg\u00bb title_text=\u00bbVMK-Krone2&#8243; _builder_version=\u00bb4.27.4&#8243; _module_preset=\u00bbdefault\u00bb min_height=\u00bb200px\u00bb global_colors_info=\u00bb{}\u00bb][\/et_pb_image][\/et_pb_column][\/et_pb_row][\/et_pb_section][et_pb_section fb_built=\u00bb1&#8243; _builder_version=\u00bb4.27.4&#8243; _module_preset=\u00bbdefault\u00bb background_color=\u00bbrgba(0,0,0,0.5)\u00bb background_image=\u00bbhttps:\/\/fontdent.es\/wp-content\/uploads\/2025\/08\/huelva-5042669_1920.jpg\u00bb background_blend=\u00bbmultiply\u00bb global_colors_info=\u00bb{}\u00bb][et_pb_row _builder_version=\u00bb4.27.4&#8243; _module_preset=\u00bbdefault\u00bb global_colors_info=\u00bb{}\u00bb][et_pb_column type=\u00bb4_4&#8243; _builder_version=\u00bb4.27.4&#8243; _module_preset=\u00bbdefault\u00bb global_colors_info=\u00bb{}\u00bb][et_pb_text _builder_version=\u00bb4.27.4&#8243; _module_preset=\u00bbdefault\u00bb text_font=\u00bb|700|||||||\u00bb text_text_color=\u00bb#FFFFFF\u00bb text_font_size=\u00bb31px\u00bb text_line_height=\u00bb1.3em\u00bb text_orientation=\u00bbcenter\u00bb global_colors_info=\u00bb{}\u00bb]<\/p>\n<p>DENTALES FONTDENT LABORATORIO DE PR\u00d3TESIS DENTAL CON TREINTA A\u00d1OS DE EXPERIENCIA<\/p>\n<p>[\/et_pb_text][\/et_pb_column][\/et_pb_row][\/et_pb_section][et_pb_section fb_built=\u00bb1&#8243; _builder_version=\u00bb4.27.4&#8243; _module_preset=\u00bbdefault\u00bb hover_enabled=\u00bb0&#8243; global_colors_info=\u00bb{}\u00bb module_id=\u00bbservicios\u00bb module_class=\u00bbservicios\u00bb sticky_enabled=\u00bb0&#8243;][et_pb_row _builder_version=\u00bb4.27.4&#8243; _module_preset=\u00bbdefault\u00bb global_colors_info=\u00bb{}\u00bb][et_pb_column type=\u00bb4_4&#8243; _builder_version=\u00bb4.27.4&#8243; _module_preset=\u00bbdefault\u00bb global_colors_info=\u00bb{}\u00bb][et_pb_text _builder_version=\u00bb4.27.4&#8243; _module_preset=\u00bbdefault\u00bb header_2_font=\u00bb|700|||||||\u00bb header_2_text_color=\u00bb#000000&#8243; header_2_font_size=\u00bb35px\u00bb hover_enabled=\u00bb0&#8243; global_colors_info=\u00bb{}\u00bb sticky_enabled=\u00bb0&#8243;]<\/p>\n<h2 style=\"text-align: center;\">SERVICIOS<\/h2>\n<p>[\/et_pb_text][\/et_pb_column][\/et_pb_row][et_pb_row _builder_version=\u00bb4.27.4&#8243; _module_preset=\u00bbdefault\u00bb column_structure=\u00bb1_3,1_3,1_3&#8243;][et_pb_column _builder_version=\u00bb4.27.4&#8243; _module_preset=\u00bbdefault\u00bb type=\u00bb1_3&#8243;][et_pb_text _builder_version=\u00bb4.27.4&#8243; _module_preset=\u00bbdefault\u00bb border_width_all=\u00bb1px\u00bb border_color_all=\u00bb#000000&#8243; border_radii=\u00bbon|5px|5px|5px|5px\u00bb custom_padding=\u00bb40px|15px|40px|15px|true|true\u00bb hover_enabled=\u00bb0&#8243; sticky_enabled=\u00bb0&#8243;]<\/p>\n<h3 style=\"text-align: center;\"><strong><span style=\"color: #000000;\">Pr\u00f3tesis fija<\/span><\/strong><\/h3>\n<p style=\"text-align: center;\"><span style=\"color: #000000;\">Sobre Dientes y sobre Implante en todo tipo de materiales<\/span><\/p>\n<p>[\/et_pb_text][\/et_pb_column][et_pb_column _builder_version=\u00bb4.27.4&#8243; _module_preset=\u00bbdefault\u00bb type=\u00bb1_3&#8243;][et_pb_text _builder_version=\u00bb4.27.4&#8243; _module_preset=\u00bbdefault\u00bb border_width_all=\u00bb1px\u00bb border_color_all=\u00bb#000000&#8243; border_radii=\u00bbon|5px|5px|5px|5px\u00bb custom_padding=\u00bb52px|15px|52px|15px|true|true\u00bb hover_enabled=\u00bb0&#8243; sticky_enabled=\u00bb0&#8243;]<\/p>\n<h3 style=\"text-align: center;\"><strong><span style=\"color: #000000;\">Pr\u00f3tesis Removibles<\/span><\/strong><\/h3>\n<p style=\"text-align: center;\"><span style=\"color: #000000;\">Acr\u00edlicas y Met\u00e1licas<\/span><\/p>\n<p>[\/et_pb_text][\/et_pb_column][et_pb_column _builder_version=\u00bb4.27.4&#8243; _module_preset=\u00bbdefault\u00bb type=\u00bb1_3&#8243;][et_pb_text _builder_version=\u00bb4.27.4&#8243; _module_preset=\u00bbdefault\u00bb border_width_all=\u00bb1px\u00bb border_color_all=\u00bb#000000&#8243; border_radii=\u00bbon|5px|5px|5px|5px\u00bb custom_padding=\u00bb39.5px|15px|39.5px|15px|true|true\u00bb hover_enabled=\u00bb0&#8243; sticky_enabled=\u00bb0&#8243;]<\/p>\n<h3 style=\"text-align: center;\"><strong><span style=\"color: #000000;\">Pr\u00f3tesis fija<\/span><\/strong><\/h3>\n<p style=\"text-align: center;\"><span style=\"color: #000000;\">Tanto metal cer\u00e1mica como zirconio como de silicato de litio.<\/span><\/p>\n<p>[\/et_pb_text][\/et_pb_column][\/et_pb_row][et_pb_row _builder_version=\u00bb4.27.4&#8243; _module_preset=\u00bbdefault\u00bb][et_pb_column _builder_version=\u00bb4.27.4&#8243; _module_preset=\u00bbdefault\u00bb type=\u00bb4_4&#8243;][et_pb_text _builder_version=\u00bb4.27.4&#8243; _module_preset=\u00bbdefault\u00bb hover_enabled=\u00bb0&#8243; sticky_enabled=\u00bb0&#8243; header_2_font_size=\u00bb35px\u00bb header_2_text_color=\u00bb#000000&#8243; header_2_font=\u00bb|600|||||||\u00bb custom_margin=\u00bb25px||||false|false\u00bb]<\/p>\n<h2 style=\"text-align: center;\">TODO CON TECNOLOG\u00cdA CADCAM<\/h2>\n<p>[\/et_pb_text][et_pb_button button_text=\u00bbCONTACTAR\u00bb _builder_version=\u00bb4.27.4&#8243; _module_preset=\u00bbdefault\u00bb hover_enabled=\u00bb0&#8243; sticky_enabled=\u00bb0&#8243; button_url=\u00bbtel:+34666451518&#8243; button_alignment=\u00bbcenter\u00bb custom_button=\u00bbon\u00bb button_text_color=\u00bb#000000&#8243; button_border_width=\u00bb1px\u00bb button_border_radius=\u00bb0px\u00bb button_text_size=\u00bb17px\u00bb button_font=\u00bb|700|||||||\u00bb custom_padding=\u00bb10px|40px|10px|40px|true|true\u00bb][\/et_pb_button][\/et_pb_column][\/et_pb_row][\/et_pb_section][et_pb_section fb_built=\u00bb1&#8243; theme_builder_area=\u00bbpost_content\u00bb _builder_version=\u00bb4.27.4&#8243; _module_preset=\u00bbdefault\u00bb background_color=\u00bb#314b62&#8243; hover_enabled=\u00bb0&#8243; sticky_enabled=\u00bb0&#8243; module_id=\u00bbcontacto\u00bb module_class=\u00bbcontacto\u00bb][et_pb_row _builder_version=\u00bb4.27.4&#8243; _module_preset=\u00bbdefault\u00bb theme_builder_area=\u00bbpost_content\u00bb][et_pb_column _builder_version=\u00bb4.27.4&#8243; _module_preset=\u00bbdefault\u00bb type=\u00bb4_4&#8243; theme_builder_area=\u00bbpost_content\u00bb][et_pb_text _builder_version=\u00bb4.27.4&#8243; _module_preset=\u00bbdefault\u00bb theme_builder_area=\u00bbpost_content\u00bb hover_enabled=\u00bb0&#8243; sticky_enabled=\u00bb0&#8243; text_orientation=\u00bbcenter\u00bb text_text_color=\u00bb#FFFFFF\u00bb header_2_text_color=\u00bb#FFFFFF\u00bb header_2_font_size=\u00bb35px\u00bb header_2_font=\u00bb|600|||||||\u00bb]<\/p>\n<h2>Datos de contactos<\/h2>\n<p>[\/et_pb_text][\/et_pb_column][\/et_pb_row][et_pb_row _builder_version=\u00bb4.27.4&#8243; _module_preset=\u00bbdefault\u00bb theme_builder_area=\u00bbpost_content\u00bb column_structure=\u00bb1_3,1_3,1_3&#8243;][et_pb_column _builder_version=\u00bb4.27.4&#8243; _module_preset=\u00bbdefault\u00bb type=\u00bb1_3&#8243; theme_builder_area=\u00bbpost_content\u00bb][et_pb_icon _builder_version=\u00bb4.27.4&#8243; _module_preset=\u00bbdefault\u00bb theme_builder_area=\u00bbpost_content\u00bb font_icon=\u00bb&#xe090;||divi||400&#8243; icon_width=\u00bb35px\u00bb icon_color=\u00bb#FFFFFF\u00bb hover_enabled=\u00bb0&#8243; sticky_enabled=\u00bb0&#8243;][\/et_pb_icon][et_pb_text _builder_version=\u00bb4.27.4&#8243; _module_preset=\u00bbdefault\u00bb theme_builder_area=\u00bbpost_content\u00bb text_font_size=\u00bb16px\u00bb hover_enabled=\u00bb0&#8243; sticky_enabled=\u00bb0&#8243;]<\/p>\n<p style=\"text-align: center;\"><span style=\"color: #ffffff;\">+34 666 451 518<\/span><\/p>\n<p>[\/et_pb_text][\/et_pb_column][et_pb_column _builder_version=\u00bb4.27.4&#8243; _module_preset=\u00bbdefault\u00bb type=\u00bb1_3&#8243; theme_builder_area=\u00bbpost_content\u00bb][et_pb_icon _builder_version=\u00bb4.27.4&#8243; _module_preset=\u00bbdefault\u00bb theme_builder_area=\u00bbpost_content\u00bb font_icon=\u00bb&#xe010;||divi||400&#8243; icon_color=\u00bb#FFFFFF\u00bb icon_width=\u00bb35px\u00bb hover_enabled=\u00bb0&#8243; sticky_enabled=\u00bb0&#8243;][\/et_pb_icon][et_pb_text _builder_version=\u00bb4.27.4&#8243; _module_preset=\u00bbdefault\u00bb theme_builder_area=\u00bbpost_content\u00bb text_font_size=\u00bb16px\u00bb hover_enabled=\u00bb0&#8243; sticky_enabled=\u00bb0&#8243;]<\/p>\n<p style=\"text-align: center;\"><span style=\"color: #ffffff;\">info@fontdent.es<\/span><\/p>\n<p>[\/et_pb_text][\/et_pb_column][et_pb_column _builder_version=\u00bb4.27.4&#8243; _module_preset=\u00bbdefault\u00bb type=\u00bb1_3&#8243; theme_builder_area=\u00bbpost_content\u00bb][et_pb_icon _builder_version=\u00bb4.27.4&#8243; _module_preset=\u00bbdefault\u00bb theme_builder_area=\u00bbpost_content\u00bb font_icon=\u00bb&#xf3c5;||fa||900&#8243; icon_width=\u00bb35px\u00bb icon_color=\u00bb#FFFFFF\u00bb hover_enabled=\u00bb0&#8243; sticky_enabled=\u00bb0&#8243;][\/et_pb_icon][et_pb_text _builder_version=\u00bb4.27.4&#8243; _module_preset=\u00bbdefault\u00bb theme_builder_area=\u00bbpost_content\u00bb text_font_size=\u00bb16px\u00bb hover_enabled=\u00bb0&#8243; sticky_enabled=\u00bb0&#8243;]<\/p>\n<p style=\"text-align: center;\"><span style=\"color: #ffffff;\">AVDA Villa de Madrid, 5, Huelva<\/span><\/p>\n<p>[\/et_pb_text][\/et_pb_column][\/et_pb_row][et_pb_row _builder_version=\u00bb4.27.4&#8243; _module_preset=\u00bbdefault\u00bb theme_builder_area=\u00bbpost_content\u00bb column_structure=\u00bb1_2,1_2&#8243; hover_enabled=\u00bb0&#8243; sticky_enabled=\u00bb0&#8243;][et_pb_column _builder_version=\u00bb4.27.4&#8243; _module_preset=\u00bbdefault\u00bb type=\u00bb1_2&#8243; theme_builder_area=\u00bbpost_content\u00bb hover_enabled=\u00bb0&#8243; sticky_enabled=\u00bb0&#8243;][et_pb_code _builder_version=\u00bb4.27.4&#8243; _module_preset=\u00bbdefault\u00bb theme_builder_area=\u00bbpost_content\u00bb hover_enabled=\u00bb0&#8243; sticky_enabled=\u00bb0&#8243;]<iframe src=\"https:\/\/www.google.com\/maps\/embed?pb=!1m18!1m12!1m3!1d1587.857851516722!2d-6.954275510327107!3d37.254452204903004!2m3!1f0!2f0!3f0!3m2!1i1024!2i768!4f13.1!3m3!1m2!1s0xd11d02fdee55555%3A0xa646c7ed8791362c!2sFontdent%20Laboratorio%20De%20Protesis%20Dental!5e0!3m2!1sgl!2ses!4v1754391022645!5m2!1sgl!2ses\" width=\"600\" height=\"350\" style=\"border:0;\" allowfullscreen=\"\" loading=\"lazy\" referrerpolicy=\"no-referrer-when-downgrade\"><\/iframe>[\/et_pb_code][\/et_pb_column][et_pb_column _builder_version=\u00bb4.27.4&#8243; _module_preset=\u00bbdefault\u00bb type=\u00bb1_2&#8243; theme_builder_area=\u00bbpost_content\u00bb][et_pb_contact_form _builder_version=\u00bb4.27.4&#8243; _module_preset=\u00bbdefault\u00bb _unique_id=\u00bbbc4cc81f-7976-4867-b1f3-bc1aa7080a70&#8243; theme_builder_area=\u00bbpost_content\u00bb hover_enabled=\u00bb0&#8243; sticky_enabled=\u00bb0&#8243; form_field_background_color=\u00bb#FFFFFF\u00bb form_field_text_color=\u00bb#000000&#8243; border_color_all=\u00bb#000000&#8243; use_spam_service=\u00bbon\u00bb custom_button=\u00bbon\u00bb button_text_color=\u00bb#FFFFFF\u00bb button_border_width=\u00bb1px\u00bb button_border_radius=\u00bb0px\u00bb button_text_size=\u00bb17px\u00bb button_use_icon=\u00bboff\u00bb button_border_width__hover_enabled=\u00bbon|hover\u00bb button_border_width__hover=\u00bb1px\u00bb button_text_color__hover_enabled=\u00bbon|desktop\u00bb button_text_color__hover=\u00bb#FFFFFF\u00bb button_bg_color__hover_enabled=\u00bbon|desktop\u00bb button_bg_color__hover=\u00bbRGBA(255,255,255,0)\u00bb button_bg_enable_color__hover=\u00bbon\u00bb button_bg_color=\u00bbRGBA(255,255,255,0)\u00bb button_bg_enable_color=\u00bbon\u00bb button_border_color=\u00bb#FFFFFF\u00bb email=\u00bbinfo@fontdent.es\u00bb][et_pb_contact_field field_id=\u00bbName\u00bb field_title=\u00bbNombre\u00bb _builder_version=\u00bb4.27.4&#8243; hover_enabled=\u00bb0&#8243; global_colors_info=\u00bb{}\u00bb button_text_size__hover_enabled=\u00bboff\u00bb button_one_text_size__hover_enabled=\u00bboff\u00bb button_two_text_size__hover_enabled=\u00bboff\u00bb button_text_color__hover_enabled=\u00bboff\u00bb button_one_text_color__hover_enabled=\u00bboff\u00bb button_two_text_color__hover_enabled=\u00bboff\u00bb button_border_width__hover_enabled=\u00bboff\u00bb button_one_border_width__hover_enabled=\u00bboff\u00bb button_two_border_width__hover_enabled=\u00bboff\u00bb button_border_color__hover_enabled=\u00bboff\u00bb button_one_border_color__hover_enabled=\u00bboff\u00bb button_two_border_color__hover_enabled=\u00bboff\u00bb button_border_radius__hover_enabled=\u00bboff\u00bb button_one_border_radius__hover_enabled=\u00bboff\u00bb button_two_border_radius__hover_enabled=\u00bboff\u00bb button_letter_spacing__hover_enabled=\u00bboff\u00bb button_one_letter_spacing__hover_enabled=\u00bboff\u00bb button_two_letter_spacing__hover_enabled=\u00bboff\u00bb button_bg_color__hover_enabled=\u00bboff\u00bb button_one_bg_color__hover_enabled=\u00bboff\u00bb button_two_bg_color__hover_enabled=\u00bboff\u00bb theme_builder_area=\u00bbpost_content\u00bb fullwidth_field=\u00bbon\u00bb sticky_enabled=\u00bb0&#8243;][\/et_pb_contact_field][et_pb_contact_field field_id=\u00bbPhone\u00bb field_title=\u00bbTel\u00e9fono\u00bb _builder_version=\u00bb4.27.4&#8243; hover_enabled=\u00bb0&#8243; global_colors_info=\u00bb{}\u00bb button_text_size__hover_enabled=\u00bboff\u00bb button_one_text_size__hover_enabled=\u00bboff\u00bb button_two_text_size__hover_enabled=\u00bboff\u00bb button_text_color__hover_enabled=\u00bboff\u00bb button_one_text_color__hover_enabled=\u00bboff\u00bb button_two_text_color__hover_enabled=\u00bboff\u00bb button_border_width__hover_enabled=\u00bboff\u00bb button_one_border_width__hover_enabled=\u00bboff\u00bb button_two_border_width__hover_enabled=\u00bboff\u00bb button_border_color__hover_enabled=\u00bboff\u00bb button_one_border_color__hover_enabled=\u00bboff\u00bb button_two_border_color__hover_enabled=\u00bboff\u00bb button_border_radius__hover_enabled=\u00bboff\u00bb button_one_border_radius__hover_enabled=\u00bboff\u00bb button_two_border_radius__hover_enabled=\u00bboff\u00bb button_letter_spacing__hover_enabled=\u00bboff\u00bb button_one_letter_spacing__hover_enabled=\u00bboff\u00bb button_two_letter_spacing__hover_enabled=\u00bboff\u00bb button_bg_color__hover_enabled=\u00bboff\u00bb button_one_bg_color__hover_enabled=\u00bboff\u00bb button_two_bg_color__hover_enabled=\u00bboff\u00bb theme_builder_area=\u00bbpost_content\u00bb fullwidth_field=\u00bbon\u00bb sticky_enabled=\u00bb0&#8243; allowed_symbols=\u00bbnumbers\u00bb][\/et_pb_contact_field][et_pb_contact_field field_id=\u00bbMessage\u00bb field_title=\u00bbMensaje\u00bb field_type=\u00bbtext\u00bb fullwidth_field=\u00bbon\u00bb _builder_version=\u00bb4.16&#8243; global_colors_info=\u00bb{}\u00bb button_text_size__hover_enabled=\u00bboff\u00bb button_one_text_size__hover_enabled=\u00bboff\u00bb button_two_text_size__hover_enabled=\u00bboff\u00bb button_text_color__hover_enabled=\u00bboff\u00bb button_one_text_color__hover_enabled=\u00bboff\u00bb button_two_text_color__hover_enabled=\u00bboff\u00bb button_border_width__hover_enabled=\u00bboff\u00bb button_one_border_width__hover_enabled=\u00bboff\u00bb button_two_border_width__hover_enabled=\u00bboff\u00bb button_border_color__hover_enabled=\u00bboff\u00bb button_one_border_color__hover_enabled=\u00bboff\u00bb button_two_border_color__hover_enabled=\u00bboff\u00bb button_border_radius__hover_enabled=\u00bboff\u00bb button_one_border_radius__hover_enabled=\u00bboff\u00bb button_two_border_radius__hover_enabled=\u00bboff\u00bb button_letter_spacing__hover_enabled=\u00bboff\u00bb button_one_letter_spacing__hover_enabled=\u00bboff\u00bb button_two_letter_spacing__hover_enabled=\u00bboff\u00bb button_bg_color__hover_enabled=\u00bboff\u00bb button_one_bg_color__hover_enabled=\u00bboff\u00bb button_two_bg_color__hover_enabled=\u00bboff\u00bb theme_builder_area=\u00bbpost_content\u00bb][\/et_pb_contact_field][\/et_pb_contact_form][\/et_pb_column][\/et_pb_row][\/et_pb_section]<\/p>\n","protected":false},"excerpt":{"rendered":"<p>FONT DENT LABORATORIO DE PR\u00d3TESIS DENTAL\u00bfQu\u00e9 hacemos? Pr\u00f3tesis y dar servicio a las cl\u00ednicas dentales para poner a pacientes todo tipo de pr\u00f3tesis con las tecnolog\u00edas m\u00e1s actuales del momento. Compromiso calidad.DENTALES FONTDENT LABORATORIO DE PR\u00d3TESIS DENTAL CON TREINTA A\u00d1OS DE EXPERIENCIASERVICIOSPr\u00f3tesis fija Sobre Dientes y sobre Implante en todo tipo de materialesPr\u00f3tesis Removibles Acr\u00edlicas [&hellip;]<\/p>\n","protected":false},"author":1,"featured_media":0,"parent":0,"menu_order":0,"comment_status":"closed","ping_status":"closed","template":"","meta":{"_et_pb_use_builder":"on","_et_pb_old_content":"<!-- wp:divi\/placeholder \/-->","_et_gb_content_width":"","footnotes":""},"class_list":["post-18","page","type-page","status-publish","hentry"],"_links":{"self":[{"href":"https:\/\/fontdent.es\/index.php?rest_route=\/wp\/v2\/pages\/18","targetHints":{"allow":["GET"]}}],"collection":[{"href":"https:\/\/fontdent.es\/index.php?rest_route=\/wp\/v2\/pages"}],"about":[{"href":"https:\/\/fontdent.es\/index.php?rest_route=\/wp\/v2\/types\/page"}],"author":[{"embeddable":true,"href":"https:\/\/fontdent.es\/index.php?rest_route=\/wp\/v2\/users\/1"}],"replies":[{"embeddable":true,"href":"https:\/\/fontdent.es\/index.php?rest_route=%2Fwp%2Fv2%2Fcomments&post=18"}],"version-history":[{"count":25,"href":"https:\/\/fontdent.es\/index.php?rest_route=\/wp\/v2\/pages\/18\/revisions"}],"predecessor-version":[{"id":64,"href":"https:\/\/fontdent.es\/index.php?rest_route=\/wp\/v2\/pages\/18\/revisions\/64"}],"wp:attachment":[{"href":"https:\/\/fontdent.es\/index.php?rest_route=%2Fwp%2Fv2%2Fmedia&parent=18"}],"curies":[{"name":"wp","href":"https:\/\/api.w.org\/{rel}","templated":true}]}}